{"id":66,"date":"2023-02-08T15:20:56","date_gmt":"2023-02-08T15:20:56","guid":{"rendered":"https:\/\/alovradge.cwb.ovh\/?page_id=66"},"modified":"2025-04-07T13:27:57","modified_gmt":"2025-04-07T13:27:57","slug":"services-aides-menageres","status":"publish","type":"page","link":"https:\/\/alovradge.be\/?page_id=66","title":{"rendered":"Services &#8211; Aides\u00a0 m\u00e9nag\u00e8res"},"content":{"rendered":"\n<section class=\"wp-block-starter-shop-front-hero background-cover bg-dark pb-5 position-relative pt-5 text-white\" style=\"background-image:url('https:\/\/images.unsplash.com\/photo-1547389432-95b8f3c47f3c?crop=entropy&amp;cs=tinysrgb&amp;fit=max&amp;fm=jpg&amp;ixid=MnwyMDkyMnwwfDF8c2VhcmNofDl8fGdhcmRlbnxlbnwwfHx8fDE2NzU2ODUxMDI&amp;ixlib=rb-4.0.3&amp;q=80&amp;w=1080')\"><div class=\"container pb-2 pt-2\"><h1 class=\"display-3 fw-bold mb-3 text-center text-uppercase text-white\">SERVICES<\/h1><\/div><\/section>\n\n\n\n<section class=\"wp-block-starter-shop-shop-banner-explain mb-0  text-center\"><div class=\"container\"><div class=\"justify-content-center row\"><\/div><section class=\"bg-white pb-5 pt-5 text-center\"><div class=\"container\"><div class=\"mb-4 text-center\"><h2 id=\"scrollspyHeading3\" class=\"fs-2 fw-bold text-start text-success\">Services &#8211; Aides\u00a0 m\u00e9nag\u00e8res<\/h2><p class=\"text-start text-success\"><br>Aide-m\u00e9nager(\u00e8re) : r\u00e9alisation de repas pour personnes \u00e2g\u00e9es (le jeudi), nettoyage d\u2019une maison, buanderie-repassage, magasin de seconde main et couture.<br><br>Particularit\u00e9 : ces services sont fournis sous la responsabilit\u00e9 d\u2019un(e) responsable d\u2019\u00e9quipe qui est en fait le formateur ou la formatrice. Les stagiaires apprennent leur m\u00e9tier en situation r\u00e9elle de production.<br><\/p><\/div><\/div><\/section><\/div><\/section>\n\n\n\n<section class=\"wp-block-starter-shop-shop-banner-explain mb-0  text-center\"><div class=\"container\"><div class=\"justify-content-center row\"><\/div><section class=\"bg-white pb-5 pt-5 text-center\"><div class=\"container\"><div class=\"mb-4 text-center\"><h2 id=\"scrollspyHeading3\" class=\"fs-2 fw-bold text-start text-success\">Buanderie-Repassage<\/h2><p class=\"text-start text-success\">Quelques r\u00e9alisations<\/p><\/div><\/div><\/section><\/div><\/section>\n\n\n\n<figure class=\"wp-block-gallery has-nested-images columns-4 is-cropped container wp-block-gallery-1 is-layout-flex wp-block-gallery-is-layout-flex\">\n<figure class=\"wp-block-image size-large\"><img loading=\"lazy\" decoding=\"async\" width=\"1024\" height=\"768\" data-id=\"250\" src=\"https:\/\/alovradge.cwb.ovh\/wp-content\/uploads\/2023\/02\/306628369_1582076768885412_2869088767380545347_n-1024x768.jpg\" alt=\"\" class=\"wp-image-250\" srcset=\"https:\/\/alovradge.be\/wp-content\/uploads\/2023\/02\/306628369_1582076768885412_2869088767380545347_n-1024x768.jpg 1024w, https:\/\/alovradge.be\/wp-content\/uploads\/2023\/02\/306628369_1582076768885412_2869088767380545347_n-300x225.jpg 300w, https:\/\/alovradge.be\/wp-content\/uploads\/2023\/02\/306628369_1582076768885412_2869088767380545347_n-768x576.jpg 768w, https:\/\/alovradge.be\/wp-content\/uploads\/2023\/02\/306628369_1582076768885412_2869088767380545347_n-1536x1152.jpg 1536w, https:\/\/alovradge.be\/wp-content\/uploads\/2023\/02\/306628369_1582076768885412_2869088767380545347_n-600x450.jpg 600w, https:\/\/alovradge.be\/wp-content\/uploads\/2023\/02\/306628369_1582076768885412_2869088767380545347_n.jpg 2048w\" sizes=\"auto, (max-width: 1024px) 100vw, 1024px\" \/><\/figure>\n\n\n\n<figure class=\"wp-block-image size-large\"><img loading=\"lazy\" decoding=\"async\" width=\"768\" height=\"1024\" data-id=\"251\" src=\"https:\/\/alovradge.cwb.ovh\/wp-content\/uploads\/2023\/02\/306710381_494253762223503_3127000777361689275_n-768x1024.jpg\" alt=\"\" class=\"wp-image-251\" srcset=\"https:\/\/alovradge.be\/wp-content\/uploads\/2023\/02\/306710381_494253762223503_3127000777361689275_n-768x1024.jpg 768w, https:\/\/alovradge.be\/wp-content\/uploads\/2023\/02\/306710381_494253762223503_3127000777361689275_n-225x300.jpg 225w, https:\/\/alovradge.be\/wp-content\/uploads\/2023\/02\/306710381_494253762223503_3127000777361689275_n-1152x1536.jpg 1152w, https:\/\/alovradge.be\/wp-content\/uploads\/2023\/02\/306710381_494253762223503_3127000777361689275_n-600x800.jpg 600w, https:\/\/alovradge.be\/wp-content\/uploads\/2023\/02\/306710381_494253762223503_3127000777361689275_n.jpg 1536w\" sizes=\"auto, (max-width: 768px) 100vw, 768px\" \/><\/figure>\n\n\n\n<figure class=\"wp-block-image size-large\"><img loading=\"lazy\" decoding=\"async\" width=\"1024\" height=\"768\" data-id=\"252\" src=\"https:\/\/alovradge.cwb.ovh\/wp-content\/uploads\/2023\/02\/DSCN1806-1024x768.jpg\" alt=\"\" class=\"wp-image-252\" srcset=\"https:\/\/alovradge.be\/wp-content\/uploads\/2023\/02\/DSCN1806-1024x768.jpg 1024w, https:\/\/alovradge.be\/wp-content\/uploads\/2023\/02\/DSCN1806-300x225.jpg 300w, https:\/\/alovradge.be\/wp-content\/uploads\/2023\/02\/DSCN1806-768x576.jpg 768w, https:\/\/alovradge.be\/wp-content\/uploads\/2023\/02\/DSCN1806-1536x1152.jpg 1536w, https:\/\/alovradge.be\/wp-content\/uploads\/2023\/02\/DSCN1806-2048x1536.jpg 2048w, https:\/\/alovradge.be\/wp-content\/uploads\/2023\/02\/DSCN1806-600x450.jpg 600w\" sizes=\"auto, (max-width: 1024px) 100vw, 1024px\" \/><\/figure>\n<\/figure>\n\n\n\n<section class=\"wp-block-starter-shop-shop-interesse-devis2 pt-3\"><div class=\"container\"><div class=\"justify-content-center row\"><div class=\"container pb-4 pt-4\"><div class=\"ms-auto me-auto px-0\"><div class=\"align-items-center justify-content-center row\"><div><div class=\"bg-light border card rounded text-secondary\"><div class=\"pb-5 pe-3 ps-3 pt-4 text-center\"><ul class=\"list-unstyled mb-4\"><li class=\"fw-bold pb-2 pt-2\">Buanderie<\/li><li class=\"pb-2 pt-2\"><p>Caroline Gilain : 0484\/98.48.20<br>(12, avenue de Namur &#8211; entr\u00e9e par l&#8217;arri\u00e8re du b\u00e2timent)<\/br><\/p><\/li><\/ul><\/div><\/div><\/div><\/div><\/div><\/div><\/div><\/div><\/section>\n\n\n\n<section class=\"wp-block-starter-shop-shop-banner-explain mb-0  text-center\"><div class=\"container\"><div class=\"justify-content-center row\"><\/div><section class=\"bg-white pb-5 pt-5 text-center\"><div class=\"container\"><div class=\"mb-4 text-center\"><h2 id=\"scrollspyHeading3\" class=\"fs-2 fw-bold text-start text-success\">R\u00e9alisation de repas, Nettoyage<\/h2><p class=\"text-start text-success\">Quelques r\u00e9alisations<\/p><\/div><\/div><\/section><\/div><\/section>\n\n\n\n<figure class=\"wp-block-gallery has-nested-images columns-6 is-cropped container wp-block-gallery-2 is-layout-flex wp-block-gallery-is-layout-flex\">\n<figure class=\"wp-block-image size-large\"><img loading=\"lazy\" decoding=\"async\" width=\"768\" height=\"1024\" data-id=\"263\" src=\"https:\/\/alovradge.cwb.ovh\/wp-content\/uploads\/2023\/02\/20220317_103830-1-768x1024.jpg\" alt=\"\" class=\"wp-image-263\" srcset=\"https:\/\/alovradge.be\/wp-content\/uploads\/2023\/02\/20220317_103830-1-768x1024.jpg 768w, https:\/\/alovradge.be\/wp-content\/uploads\/2023\/02\/20220317_103830-1-225x300.jpg 225w, https:\/\/alovradge.be\/wp-content\/uploads\/2023\/02\/20220317_103830-1-1152x1536.jpg 1152w, https:\/\/alovradge.be\/wp-content\/uploads\/2023\/02\/20220317_103830-1-1536x2048.jpg 1536w, https:\/\/alovradge.be\/wp-content\/uploads\/2023\/02\/20220317_103830-1-600x800.jpg 600w, https:\/\/alovradge.be\/wp-content\/uploads\/2023\/02\/20220317_103830-1-scaled.jpg 1920w\" sizes=\"auto, (max-width: 768px) 100vw, 768px\" \/><\/figure>\n\n\n\n<figure class=\"wp-block-image size-large\"><img loading=\"lazy\" decoding=\"async\" width=\"768\" height=\"1024\" data-id=\"264\" src=\"https:\/\/alovradge.cwb.ovh\/wp-content\/uploads\/2023\/02\/20220324_101903-768x1024.jpg\" alt=\"\" class=\"wp-image-264\" srcset=\"https:\/\/alovradge.be\/wp-content\/uploads\/2023\/02\/20220324_101903-768x1024.jpg 768w, https:\/\/alovradge.be\/wp-content\/uploads\/2023\/02\/20220324_101903-225x300.jpg 225w, https:\/\/alovradge.be\/wp-content\/uploads\/2023\/02\/20220324_101903-1152x1536.jpg 1152w, https:\/\/alovradge.be\/wp-content\/uploads\/2023\/02\/20220324_101903-1536x2048.jpg 1536w, https:\/\/alovradge.be\/wp-content\/uploads\/2023\/02\/20220324_101903-600x800.jpg 600w, https:\/\/alovradge.be\/wp-content\/uploads\/2023\/02\/20220324_101903-scaled.jpg 1920w\" sizes=\"auto, (max-width: 768px) 100vw, 768px\" \/><\/figure>\n\n\n\n<figure class=\"wp-block-image size-large\"><img loading=\"lazy\" decoding=\"async\" width=\"1024\" height=\"768\" data-id=\"266\" src=\"https:\/\/alovradge.cwb.ovh\/wp-content\/uploads\/2023\/02\/DSCN1781-Copie-1024x768.jpg\" alt=\"\" class=\"wp-image-266\" srcset=\"https:\/\/alovradge.be\/wp-content\/uploads\/2023\/02\/DSCN1781-Copie-1024x768.jpg 1024w, https:\/\/alovradge.be\/wp-content\/uploads\/2023\/02\/DSCN1781-Copie-300x225.jpg 300w, https:\/\/alovradge.be\/wp-content\/uploads\/2023\/02\/DSCN1781-Copie-768x576.jpg 768w, https:\/\/alovradge.be\/wp-content\/uploads\/2023\/02\/DSCN1781-Copie-1536x1152.jpg 1536w, https:\/\/alovradge.be\/wp-content\/uploads\/2023\/02\/DSCN1781-Copie-2048x1536.jpg 2048w, https:\/\/alovradge.be\/wp-content\/uploads\/2023\/02\/DSCN1781-Copie-600x450.jpg 600w\" sizes=\"auto, (max-width: 1024px) 100vw, 1024px\" \/><\/figure>\n\n\n\n<figure class=\"wp-block-image size-large\"><img loading=\"lazy\" decoding=\"async\" width=\"1024\" height=\"768\" data-id=\"268\" src=\"https:\/\/alovradge.cwb.ovh\/wp-content\/uploads\/2023\/02\/DSCN1786-1024x768.jpg\" alt=\"\" class=\"wp-image-268\" srcset=\"https:\/\/alovradge.be\/wp-content\/uploads\/2023\/02\/DSCN1786-1024x768.jpg 1024w, https:\/\/alovradge.be\/wp-content\/uploads\/2023\/02\/DSCN1786-300x225.jpg 300w, https:\/\/alovradge.be\/wp-content\/uploads\/2023\/02\/DSCN1786-768x576.jpg 768w, https:\/\/alovradge.be\/wp-content\/uploads\/2023\/02\/DSCN1786-1536x1152.jpg 1536w, https:\/\/alovradge.be\/wp-content\/uploads\/2023\/02\/DSCN1786-2048x1536.jpg 2048w, https:\/\/alovradge.be\/wp-content\/uploads\/2023\/02\/DSCN1786-600x450.jpg 600w\" sizes=\"auto, (max-width: 1024px) 100vw, 1024px\" \/><\/figure>\n\n\n\n<figure class=\"wp-block-image size-large\"><img loading=\"lazy\" decoding=\"async\" width=\"768\" height=\"1024\" data-id=\"269\" src=\"https:\/\/alovradge.cwb.ovh\/wp-content\/uploads\/2023\/02\/DSCN1787-768x1024.jpg\" alt=\"\" class=\"wp-image-269\" srcset=\"https:\/\/alovradge.be\/wp-content\/uploads\/2023\/02\/DSCN1787-768x1024.jpg 768w, https:\/\/alovradge.be\/wp-content\/uploads\/2023\/02\/DSCN1787-225x300.jpg 225w, https:\/\/alovradge.be\/wp-content\/uploads\/2023\/02\/DSCN1787-1152x1536.jpg 1152w, https:\/\/alovradge.be\/wp-content\/uploads\/2023\/02\/DSCN1787-1536x2048.jpg 1536w, https:\/\/alovradge.be\/wp-content\/uploads\/2023\/02\/DSCN1787-600x800.jpg 600w, https:\/\/alovradge.be\/wp-content\/uploads\/2023\/02\/DSCN1787-scaled.jpg 1920w\" sizes=\"auto, (max-width: 768px) 100vw, 768px\" \/><\/figure>\n<\/figure>\n\n\n\n<section class=\"wp-block-starter-shop-shop-interesse-devis2 pt-3\"><div class=\"container\"><div class=\"justify-content-center row\"><div class=\"container pb-4 pt-4\"><div class=\"ms-auto me-auto px-0\"><div class=\"align-items-center justify-content-center row\"><div><div class=\"bg-light border card rounded text-secondary\"><div class=\"pb-5 pe-3 ps-3 pt-4 text-center\"><ul class=\"list-unstyled mb-4\"><li class=\"fw-bold pb-2 pt-2\">Nettoyage<\/li><li class=\"pb-2 pt-2\"><p>Lucie Goffioul : 0495\/70.17.42<\/p><\/li><br><li class=\"fw-bold pb-2 pt-2\">Confection de repas<\/li><li class=\"pb-2 pt-2\"><p>Nathalie Dimanche : 0472\/37.01.80<\/p><\/li><\/br><\/ul><\/div><\/div><\/div><\/div><\/div><\/div><\/div><\/div><\/section>\n\n\n\n<section class=\"wp-block-starter-shop-shop-interesse-devis1 pt-3\"><div class=\"container\"><div class=\"justify-content-center row\"><div class=\"container pb-4 pt-4\"><div class=\"ms-auto me-auto px-0\"><div class=\"align-items-center justify-content-center row\"><div><div class=\"bg-light border card rounded text-secondary\"><h3 class=\"bg-success fw-normal h4 mb-0 pb-3 pe-2 ps-2 pt-3 rounded-1 text-center text-primary text-uppercase\">Interess\u00e9?<\/h3><div class=\"pb-5 pe-3 ps-3 pt-4 text-center\"><ul class=\"list-unstyled mb-4\"><li class=\"fw-bold pb-2 pt-2\">Contactez-nous<\/li><li class=\"pb-2 pt-2\"><p>Pour une demande de devis ou obtenir une info, peu importe pour quelle fili\u00e8re, il convient d\u2019envoyer un mail sur <a href=\"mailto:info@alovradge.be\">info@alovradge.be<\/a> ou de t\u00e9l\u00e9phoner au 0487\/44.26.72 (Direction : Isabelle Dewez et Florence Dambly lorsqu\u2019elle est indisponible)<\/p><\/li><\/ul><a href=\"mailto:info@alovradge.be\" class=\"bg-primary border btn btn-primary d-block fw-bold fw-light pb-2 pe-4 ps-4 pt-2 text-center text-white\">Contact<\/a><\/div><\/div><\/div><\/div><\/div><\/div><\/div><\/div><\/section>\n\n\n\n<section class=\"wp-block-starter-shop-article-suivant\"><div class=\"container\"><div class=\"justify-content-center row\"><div class=\"container pb-2 pt-2\"><div class=\"col-xl-11 ms-auto me-auto px-0\"><div class=\"align-items-center justify-content-center row\"><div class=\"pb-3 pt-3 text-center\"><a href=\"https:\/\/alovradge.be\/?page_id=22\" class=\"bg-secondary border btn btn-dark fw-bold m-3 pb-2 pe-5 ps-5 pt-2\">Retour aux Services<\/a><\/div><\/div><\/div><\/div><\/div><\/div><\/section>\n","protected":false},"excerpt":{"rendered":"<p>Buanderie-Repassage Quelques r\u00e9alisations Buanderie Caroline Gilain : 0484\/98.48.20(12, avenue de Namur &#8211; entr\u00e9e par l&#8217;arri\u00e8re du b\u00e2timent) Nettoyage Lucie Goffioul : 0495\/70.17.42 Confection de repas Nathalie Dimanche : 0472\/37.01.80 Interess\u00e9? Contactez-nous Pour une demande de devis ou obtenir une info, peu importe pour quelle fili\u00e8re, il convient d\u2019envoyer un mail sur info@alovradge.be ou de t\u00e9l\u00e9phoner [&hellip;]<\/p>\n","protected":false},"author":1,"featured_media":0,"parent":22,"menu_order":0,"comment_status":"closed","ping_status":"closed","template":"single_column.php","meta":{"footnotes":""},"class_list":["post-66","page","type-page","status-publish","hentry"],"yoast_head":"<!-- This site is optimized with the Yoast SEO plugin v25.4 - https:\/\/yoast.com\/wordpress\/plugins\/seo\/ -->\n<title>Services - Aides\u00a0 m\u00e9nag\u00e8res - Alovradge<\/title>\n<meta name=\"robots\" content=\"index, follow, max-snippet:-1, max-image-preview:large, max-video-preview:-1\" \/>\n<link rel=\"canonical\" href=\"https:\/\/alovradge.be\/?page_id=66\" \/>\n<meta property=\"og:locale\" content=\"en_US\" \/>\n<meta property=\"og:type\" content=\"article\" \/>\n<meta property=\"og:title\" content=\"Services - Aides\u00a0 m\u00e9nag\u00e8res - Alovradge\" \/>\n<meta property=\"og:description\" content=\"Buanderie-Repassage Quelques r\u00e9alisations Buanderie Caroline Gilain : 0484\/98.48.20(12, avenue de Namur &#8211; entr\u00e9e par l&#8217;arri\u00e8re du b\u00e2timent) Nettoyage Lucie Goffioul : 0495\/70.17.42 Confection de repas Nathalie Dimanche : 0472\/37.01.80 Interess\u00e9? Contactez-nous Pour une demande de devis ou obtenir une info, peu importe pour quelle fili\u00e8re, il convient d\u2019envoyer un mail sur info@alovradge.be ou de t\u00e9l\u00e9phoner [&hellip;]\" \/>\n<meta property=\"og:url\" content=\"https:\/\/alovradge.be\/?page_id=66\" \/>\n<meta property=\"og:site_name\" content=\"Alovradge\" \/>\n<meta property=\"article:modified_time\" content=\"2025-04-07T13:27:57+00:00\" \/>\n<meta property=\"og:image\" content=\"https:\/\/alovradge.cwb.ovh\/wp-content\/uploads\/2023\/02\/306628369_1582076768885412_2869088767380545347_n-1024x768.jpg\" \/>\n<meta name=\"twitter:card\" content=\"summary_large_image\" \/>\n<meta name=\"twitter:label1\" content=\"Est. reading time\" \/>\n\t<meta name=\"twitter:data1\" content=\"1 minute\" \/>\n<script type=\"application\/ld+json\" class=\"yoast-schema-graph\">{\"@context\":\"https:\/\/schema.org\",\"@graph\":[{\"@type\":\"WebPage\",\"@id\":\"https:\/\/alovradge.be\/?page_id=66\",\"url\":\"https:\/\/alovradge.be\/?page_id=66\",\"name\":\"Services - Aides\u00a0 m\u00e9nag\u00e8res - Alovradge\",\"isPartOf\":{\"@id\":\"https:\/\/alovradge.be\/#website\"},\"primaryImageOfPage\":{\"@id\":\"https:\/\/alovradge.be\/?page_id=66#primaryimage\"},\"image\":{\"@id\":\"https:\/\/alovradge.be\/?page_id=66#primaryimage\"},\"thumbnailUrl\":\"https:\/\/alovradge.cwb.ovh\/wp-content\/uploads\/2023\/02\/306628369_1582076768885412_2869088767380545347_n-1024x768.jpg\",\"datePublished\":\"2023-02-08T15:20:56+00:00\",\"dateModified\":\"2025-04-07T13:27:57+00:00\",\"breadcrumb\":{\"@id\":\"https:\/\/alovradge.be\/?page_id=66#breadcrumb\"},\"inLanguage\":\"en-US\",\"potentialAction\":[{\"@type\":\"ReadAction\",\"target\":[\"https:\/\/alovradge.be\/?page_id=66\"]}]},{\"@type\":\"ImageObject\",\"inLanguage\":\"en-US\",\"@id\":\"https:\/\/alovradge.be\/?page_id=66#primaryimage\",\"url\":\"https:\/\/alovradge.cwb.ovh\/wp-content\/uploads\/2023\/02\/306628369_1582076768885412_2869088767380545347_n-1024x768.jpg\",\"contentUrl\":\"https:\/\/alovradge.cwb.ovh\/wp-content\/uploads\/2023\/02\/306628369_1582076768885412_2869088767380545347_n-1024x768.jpg\"},{\"@type\":\"BreadcrumbList\",\"@id\":\"https:\/\/alovradge.be\/?page_id=66#breadcrumb\",\"itemListElement\":[{\"@type\":\"ListItem\",\"position\":1,\"name\":\"Home\",\"item\":\"https:\/\/alovradge.be\/\"},{\"@type\":\"ListItem\",\"position\":2,\"name\":\"SERVICES\",\"item\":\"https:\/\/alovradge.be\/?page_id=22\"},{\"@type\":\"ListItem\",\"position\":3,\"name\":\"Services &#8211; Aides\u00a0 m\u00e9nag\u00e8res\"}]},{\"@type\":\"WebSite\",\"@id\":\"https:\/\/alovradge.be\/#website\",\"url\":\"https:\/\/alovradge.be\/\",\"name\":\"Alovradge\",\"description\":\"\",\"potentialAction\":[{\"@type\":\"SearchAction\",\"target\":{\"@type\":\"EntryPoint\",\"urlTemplate\":\"https:\/\/alovradge.be\/?s={search_term_string}\"},\"query-input\":{\"@type\":\"PropertyValueSpecification\",\"valueRequired\":true,\"valueName\":\"search_term_string\"}}],\"inLanguage\":\"en-US\"}]}<\/script>\n<!-- \/ Yoast SEO plugin. -->","yoast_head_json":{"title":"Services - Aides\u00a0 m\u00e9nag\u00e8res - Alovradge","robots":{"index":"index","follow":"follow","max-snippet":"max-snippet:-1","max-image-preview":"max-image-preview:large","max-video-preview":"max-video-preview:-1"},"canonical":"https:\/\/alovradge.be\/?page_id=66","og_locale":"en_US","og_type":"article","og_title":"Services - Aides\u00a0 m\u00e9nag\u00e8res - Alovradge","og_description":"Buanderie-Repassage Quelques r\u00e9alisations Buanderie Caroline Gilain : 0484\/98.48.20(12, avenue de Namur &#8211; entr\u00e9e par l&#8217;arri\u00e8re du b\u00e2timent) Nettoyage Lucie Goffioul : 0495\/70.17.42 Confection de repas Nathalie Dimanche : 0472\/37.01.80 Interess\u00e9? Contactez-nous Pour une demande de devis ou obtenir une info, peu importe pour quelle fili\u00e8re, il convient d\u2019envoyer un mail sur info@alovradge.be ou de t\u00e9l\u00e9phoner [&hellip;]","og_url":"https:\/\/alovradge.be\/?page_id=66","og_site_name":"Alovradge","article_modified_time":"2025-04-07T13:27:57+00:00","og_image":[{"url":"https:\/\/alovradge.cwb.ovh\/wp-content\/uploads\/2023\/02\/306628369_1582076768885412_2869088767380545347_n-1024x768.jpg","type":"","width":"","height":""}],"twitter_card":"summary_large_image","twitter_misc":{"Est. reading time":"1 minute"},"schema":{"@context":"https:\/\/schema.org","@graph":[{"@type":"WebPage","@id":"https:\/\/alovradge.be\/?page_id=66","url":"https:\/\/alovradge.be\/?page_id=66","name":"Services - Aides\u00a0 m\u00e9nag\u00e8res - Alovradge","isPartOf":{"@id":"https:\/\/alovradge.be\/#website"},"primaryImageOfPage":{"@id":"https:\/\/alovradge.be\/?page_id=66#primaryimage"},"image":{"@id":"https:\/\/alovradge.be\/?page_id=66#primaryimage"},"thumbnailUrl":"https:\/\/alovradge.cwb.ovh\/wp-content\/uploads\/2023\/02\/306628369_1582076768885412_2869088767380545347_n-1024x768.jpg","datePublished":"2023-02-08T15:20:56+00:00","dateModified":"2025-04-07T13:27:57+00:00","breadcrumb":{"@id":"https:\/\/alovradge.be\/?page_id=66#breadcrumb"},"inLanguage":"en-US","potentialAction":[{"@type":"ReadAction","target":["https:\/\/alovradge.be\/?page_id=66"]}]},{"@type":"ImageObject","inLanguage":"en-US","@id":"https:\/\/alovradge.be\/?page_id=66#primaryimage","url":"https:\/\/alovradge.cwb.ovh\/wp-content\/uploads\/2023\/02\/306628369_1582076768885412_2869088767380545347_n-1024x768.jpg","contentUrl":"https:\/\/alovradge.cwb.ovh\/wp-content\/uploads\/2023\/02\/306628369_1582076768885412_2869088767380545347_n-1024x768.jpg"},{"@type":"BreadcrumbList","@id":"https:\/\/alovradge.be\/?page_id=66#breadcrumb","itemListElement":[{"@type":"ListItem","position":1,"name":"Home","item":"https:\/\/alovradge.be\/"},{"@type":"ListItem","position":2,"name":"SERVICES","item":"https:\/\/alovradge.be\/?page_id=22"},{"@type":"ListItem","position":3,"name":"Services &#8211; Aides\u00a0 m\u00e9nag\u00e8res"}]},{"@type":"WebSite","@id":"https:\/\/alovradge.be\/#website","url":"https:\/\/alovradge.be\/","name":"Alovradge","description":"","potentialAction":[{"@type":"SearchAction","target":{"@type":"EntryPoint","urlTemplate":"https:\/\/alovradge.be\/?s={search_term_string}"},"query-input":{"@type":"PropertyValueSpecification","valueRequired":true,"valueName":"search_term_string"}}],"inLanguage":"en-US"}]}},"_links":{"self":[{"href":"https:\/\/alovradge.be\/index.php?rest_route=\/wp\/v2\/pages\/66","targetHints":{"allow":["GET"]}}],"collection":[{"href":"https:\/\/alovradge.be\/index.php?rest_route=\/wp\/v2\/pages"}],"about":[{"href":"https:\/\/alovradge.be\/index.php?rest_route=\/wp\/v2\/types\/page"}],"author":[{"embeddable":true,"href":"https:\/\/alovradge.be\/index.php?rest_route=\/wp\/v2\/users\/1"}],"replies":[{"embeddable":true,"href":"https:\/\/alovradge.be\/index.php?rest_route=%2Fwp%2Fv2%2Fcomments&post=66"}],"version-history":[{"count":5,"href":"https:\/\/alovradge.be\/index.php?rest_route=\/wp\/v2\/pages\/66\/revisions"}],"predecessor-version":[{"id":440,"href":"https:\/\/alovradge.be\/index.php?rest_route=\/wp\/v2\/pages\/66\/revisions\/440"}],"up":[{"embeddable":true,"href":"https:\/\/alovradge.be\/index.php?rest_route=\/wp\/v2\/pages\/22"}],"wp:attachment":[{"href":"https:\/\/alovradge.be\/index.php?rest_route=%2Fwp%2Fv2%2Fmedia&parent=66"}],"curies":[{"name":"wp","href":"https:\/\/api.w.org\/{rel}","templated":true}]}}