{"id":65,"date":"2023-02-08T15:20:53","date_gmt":"2023-02-08T15:20:53","guid":{"rendered":"https:\/\/alovradge.cwb.ovh\/?page_id=65"},"modified":"2023-06-29T08:59:00","modified_gmt":"2023-06-29T08:59:00","slug":"services-employee-administratif-et-daccueil","status":"publish","type":"page","link":"https:\/\/alovradge.be\/?page_id=65","title":{"rendered":"Services &#8211; Employ\u00e9(e) administratif et d&#8217;accueil"},"content":{"rendered":"\n<section class=\"wp-block-starter-shop-front-hero background-cover bg-dark pb-5 position-relative pt-5 text-white\" style=\"background-image:url('https:\/\/images.unsplash.com\/photo-1547389432-95b8f3c47f3c?crop=entropy&amp;cs=tinysrgb&amp;fit=max&amp;fm=jpg&amp;ixid=MnwyMDkyMnwwfDF8c2VhcmNofDl8fGdhcmRlbnxlbnwwfHx8fDE2NzU2ODUxMDI&amp;ixlib=rb-4.0.3&amp;q=80&amp;w=1080')\"><div class=\"container pb-2 pt-2\"><h1 class=\"display-3 fw-bold mb-3 text-center text-uppercase text-white\">SERVICES<\/h1><\/div><\/section>\n\n\n\n<section class=\"wp-block-starter-shop-shop-banner-explain mb-0  text-center\"><div class=\"container\"><div class=\"justify-content-center row\"><\/div><section class=\"bg-white pb-5 pt-5 text-center\"><div class=\"container\"><div class=\"mb-4 text-center\"><h2 id=\"scrollspyHeading3\" class=\"fs-2 fw-bold text-start text-success\">Services &#8211; Employ\u00e9(e) administratif et d&#8217;accueil<\/h2><p class=\"text-start text-success\"><br>Employ\u00e9(e) administratif(ve) et d\u2019accueil : r\u00e9alisation d\u2019un folder, d\u2019une affiche, d\u2019un r\u00e9pertoire, de cartes diverses (anniversaire, v\u0153ux, f\u00e9licitations, cartes personnelles, etc\u2026)<br><br>Particularit\u00e9 : ces services sont fournis sous la responsabilit\u00e9 d\u2019un(e) responsable d\u2019\u00e9quipe qui est en fait le formateur ou la formatrice. Les stagiaires apprennent leur m\u00e9tier en situation r\u00e9elle de production.<br><\/p><\/div><\/div><\/section><\/div><\/section>\n\n\n\n<figure class=\"wp-block-gallery has-nested-images columns-7 is-cropped container wp-block-gallery-1 is-layout-flex wp-block-gallery-is-layout-flex\">\n<figure class=\"wp-block-image size-large\"><img loading=\"lazy\" decoding=\"async\" width=\"1024\" height=\"478\" data-id=\"346\" src=\"https:\/\/alovradge.cwb.ovh\/wp-content\/uploads\/2023\/03\/Capture-decran-2021-08-26-084151-e1678981923483-1024x478.png\" alt=\"\" class=\"wp-image-346\" srcset=\"https:\/\/alovradge.be\/wp-content\/uploads\/2023\/03\/Capture-decran-2021-08-26-084151-e1678981923483-1024x478.png 1024w, https:\/\/alovradge.be\/wp-content\/uploads\/2023\/03\/Capture-decran-2021-08-26-084151-e1678981923483-300x140.png 300w, https:\/\/alovradge.be\/wp-content\/uploads\/2023\/03\/Capture-decran-2021-08-26-084151-e1678981923483-768x359.png 768w, https:\/\/alovradge.be\/wp-content\/uploads\/2023\/03\/Capture-decran-2021-08-26-084151-e1678981923483-1536x717.png 1536w, https:\/\/alovradge.be\/wp-content\/uploads\/2023\/03\/Capture-decran-2021-08-26-084151-e1678981923483-600x280.png 600w, https:\/\/alovradge.be\/wp-content\/uploads\/2023\/03\/Capture-decran-2021-08-26-084151-e1678981923483.png 1576w\" sizes=\"auto, (max-width: 1024px) 100vw, 1024px\" \/><\/figure>\n\n\n\n<figure class=\"wp-block-image size-large\"><img loading=\"lazy\" decoding=\"async\" width=\"960\" height=\"640\" data-id=\"345\" src=\"https:\/\/alovradge.cwb.ovh\/wp-content\/uploads\/2023\/03\/library-488673_960_720.jpg\" alt=\"\" class=\"wp-image-345\" srcset=\"https:\/\/alovradge.be\/wp-content\/uploads\/2023\/03\/library-488673_960_720.jpg 960w, https:\/\/alovradge.be\/wp-content\/uploads\/2023\/03\/library-488673_960_720-300x200.jpg 300w, https:\/\/alovradge.be\/wp-content\/uploads\/2023\/03\/library-488673_960_720-768x512.jpg 768w, https:\/\/alovradge.be\/wp-content\/uploads\/2023\/03\/library-488673_960_720-600x400.jpg 600w\" sizes=\"auto, (max-width: 960px) 100vw, 960px\" \/><\/figure>\n\n\n\n<figure class=\"wp-block-image size-large\"><img loading=\"lazy\" decoding=\"async\" width=\"960\" height=\"640\" data-id=\"344\" src=\"https:\/\/alovradge.cwb.ovh\/wp-content\/uploads\/2023\/03\/library-488686_960_720.jpg\" alt=\"\" class=\"wp-image-344\" srcset=\"https:\/\/alovradge.be\/wp-content\/uploads\/2023\/03\/library-488686_960_720.jpg 960w, https:\/\/alovradge.be\/wp-content\/uploads\/2023\/03\/library-488686_960_720-300x200.jpg 300w, https:\/\/alovradge.be\/wp-content\/uploads\/2023\/03\/library-488686_960_720-768x512.jpg 768w, https:\/\/alovradge.be\/wp-content\/uploads\/2023\/03\/library-488686_960_720-600x400.jpg 600w\" sizes=\"auto, (max-width: 960px) 100vw, 960px\" \/><\/figure>\n<\/figure>\n\n\n\n<section class=\"wp-block-starter-shop-shop-interesse-devis1 pt-3\"><div class=\"container\"><div class=\"justify-content-center row\"><div class=\"container pb-4 pt-4\"><div class=\"ms-auto me-auto px-0\"><div class=\"align-items-center justify-content-center row\"><div><div class=\"bg-light border card rounded text-secondary\"><h3 class=\"bg-success fw-normal h4 mb-0 pb-3 pe-2 ps-2 pt-3 rounded-1 text-center text-primary text-uppercase\">Interess\u00e9?<\/h3><div class=\"pb-5 pe-3 ps-3 pt-4 text-center\"><ul class=\"list-unstyled mb-4\"><li class=\"fw-bold pb-2 pt-2\">Contactez Nous<\/li><li class=\"pb-2 pt-2\"><p>Pour une demande de devis ou obtenir une info, peu importe pour quelle fili\u00e8re, il convient d\u2019envoyer un mail sur <a href=\"mailto:info@alovradge.be\">info@alovradge.be<\/a> ou de t\u00e9l\u00e9phoner au 083\/232484-86 (Direction : Jean-Claude Botton et Florence Dambly lorsqu\u2019il est indisponible)<\/p><\/li><\/ul><a href=\"mailto:info@alovradge.be\" class=\"bg-primary border btn btn-primary d-block fw-bold fw-light pb-2 pe-4 ps-4 pt-2 text-center text-white\">Contact<\/a><\/div><\/div><\/div><\/div><\/div><\/div><\/div><\/div><\/section>\n\n\n\n<section class=\"wp-block-starter-shop-article-suivant\"><div class=\"container\"><div class=\"justify-content-center row\"><div class=\"container pb-2 pt-2\"><div class=\"col-xl-11 ms-auto me-auto px-0\"><div class=\"align-items-center justify-content-center row\"><div class=\"pb-3 pt-3 text-center\"><a href=\"https:\/\/alovradge.be\/?page_id=22\" class=\"bg-secondary border btn btn-dark fw-bold m-3 pb-2 pe-5 ps-5 pt-2\">Retour aux Services<\/a><\/div><\/div><\/div><\/div><\/div><\/div><\/section>\n","protected":false},"excerpt":{"rendered":"","protected":false},"author":1,"featured_media":0,"parent":22,"menu_order":0,"comment_status":"closed","ping_status":"closed","template":"single_column.php","meta":{"footnotes":""},"class_list":["post-65","page","type-page","status-publish","hentry"],"yoast_head":"<!-- This site is optimized with the Yoast SEO plugin v25.4 - https:\/\/yoast.com\/wordpress\/plugins\/seo\/ -->\n<title>Services - Employ\u00e9(e) administratif et d&#039;accueil - Alovradge<\/title>\n<meta name=\"robots\" content=\"index, follow, max-snippet:-1, max-image-preview:large, max-video-preview:-1\" \/>\n<link rel=\"canonical\" href=\"https:\/\/alovradge.be\/?page_id=65\" \/>\n<meta property=\"og:locale\" content=\"en_US\" \/>\n<meta property=\"og:type\" content=\"article\" \/>\n<meta property=\"og:title\" content=\"Services - Employ\u00e9(e) administratif et d&#039;accueil - Alovradge\" \/>\n<meta property=\"og:url\" content=\"https:\/\/alovradge.be\/?page_id=65\" \/>\n<meta property=\"og:site_name\" content=\"Alovradge\" \/>\n<meta property=\"article:modified_time\" content=\"2023-06-29T08:59:00+00:00\" \/>\n<meta property=\"og:image\" content=\"https:\/\/alovradge.cwb.ovh\/wp-content\/uploads\/2023\/03\/Capture-decran-2021-08-26-084151-e1678981923483-1024x478.png\" \/>\n<meta name=\"twitter:card\" content=\"summary_large_image\" \/>\n<meta name=\"twitter:label1\" content=\"Est. reading time\" \/>\n\t<meta name=\"twitter:data1\" content=\"1 minute\" \/>\n<script type=\"application\/ld+json\" class=\"yoast-schema-graph\">{\"@context\":\"https:\/\/schema.org\",\"@graph\":[{\"@type\":\"WebPage\",\"@id\":\"https:\/\/alovradge.be\/?page_id=65\",\"url\":\"https:\/\/alovradge.be\/?page_id=65\",\"name\":\"Services - Employ\u00e9(e) administratif et d'accueil - Alovradge\",\"isPartOf\":{\"@id\":\"https:\/\/alovradge.be\/#website\"},\"primaryImageOfPage\":{\"@id\":\"https:\/\/alovradge.be\/?page_id=65#primaryimage\"},\"image\":{\"@id\":\"https:\/\/alovradge.be\/?page_id=65#primaryimage\"},\"thumbnailUrl\":\"https:\/\/alovradge.cwb.ovh\/wp-content\/uploads\/2023\/03\/Capture-decran-2021-08-26-084151-e1678981923483-1024x478.png\",\"datePublished\":\"2023-02-08T15:20:53+00:00\",\"dateModified\":\"2023-06-29T08:59:00+00:00\",\"breadcrumb\":{\"@id\":\"https:\/\/alovradge.be\/?page_id=65#breadcrumb\"},\"inLanguage\":\"en-US\",\"potentialAction\":[{\"@type\":\"ReadAction\",\"target\":[\"https:\/\/alovradge.be\/?page_id=65\"]}]},{\"@type\":\"ImageObject\",\"inLanguage\":\"en-US\",\"@id\":\"https:\/\/alovradge.be\/?page_id=65#primaryimage\",\"url\":\"https:\/\/alovradge.cwb.ovh\/wp-content\/uploads\/2023\/03\/Capture-decran-2021-08-26-084151-e1678981923483-1024x478.png\",\"contentUrl\":\"https:\/\/alovradge.cwb.ovh\/wp-content\/uploads\/2023\/03\/Capture-decran-2021-08-26-084151-e1678981923483-1024x478.png\"},{\"@type\":\"BreadcrumbList\",\"@id\":\"https:\/\/alovradge.be\/?page_id=65#breadcrumb\",\"itemListElement\":[{\"@type\":\"ListItem\",\"position\":1,\"name\":\"Home\",\"item\":\"https:\/\/alovradge.be\/\"},{\"@type\":\"ListItem\",\"position\":2,\"name\":\"SERVICES\",\"item\":\"https:\/\/alovradge.be\/?page_id=22\"},{\"@type\":\"ListItem\",\"position\":3,\"name\":\"Services &#8211; Employ\u00e9(e) administratif et d&#8217;accueil\"}]},{\"@type\":\"WebSite\",\"@id\":\"https:\/\/alovradge.be\/#website\",\"url\":\"https:\/\/alovradge.be\/\",\"name\":\"Alovradge\",\"description\":\"\",\"potentialAction\":[{\"@type\":\"SearchAction\",\"target\":{\"@type\":\"EntryPoint\",\"urlTemplate\":\"https:\/\/alovradge.be\/?s={search_term_string}\"},\"query-input\":{\"@type\":\"PropertyValueSpecification\",\"valueRequired\":true,\"valueName\":\"search_term_string\"}}],\"inLanguage\":\"en-US\"}]}<\/script>\n<!-- \/ Yoast SEO plugin. -->","yoast_head_json":{"title":"Services - Employ\u00e9(e) administratif et d'accueil - Alovradge","robots":{"index":"index","follow":"follow","max-snippet":"max-snippet:-1","max-image-preview":"max-image-preview:large","max-video-preview":"max-video-preview:-1"},"canonical":"https:\/\/alovradge.be\/?page_id=65","og_locale":"en_US","og_type":"article","og_title":"Services - Employ\u00e9(e) administratif et d'accueil - Alovradge","og_url":"https:\/\/alovradge.be\/?page_id=65","og_site_name":"Alovradge","article_modified_time":"2023-06-29T08:59:00+00:00","og_image":[{"url":"https:\/\/alovradge.cwb.ovh\/wp-content\/uploads\/2023\/03\/Capture-decran-2021-08-26-084151-e1678981923483-1024x478.png","type":"","width":"","height":""}],"twitter_card":"summary_large_image","twitter_misc":{"Est. reading time":"1 minute"},"schema":{"@context":"https:\/\/schema.org","@graph":[{"@type":"WebPage","@id":"https:\/\/alovradge.be\/?page_id=65","url":"https:\/\/alovradge.be\/?page_id=65","name":"Services - Employ\u00e9(e) administratif et d'accueil - Alovradge","isPartOf":{"@id":"https:\/\/alovradge.be\/#website"},"primaryImageOfPage":{"@id":"https:\/\/alovradge.be\/?page_id=65#primaryimage"},"image":{"@id":"https:\/\/alovradge.be\/?page_id=65#primaryimage"},"thumbnailUrl":"https:\/\/alovradge.cwb.ovh\/wp-content\/uploads\/2023\/03\/Capture-decran-2021-08-26-084151-e1678981923483-1024x478.png","datePublished":"2023-02-08T15:20:53+00:00","dateModified":"2023-06-29T08:59:00+00:00","breadcrumb":{"@id":"https:\/\/alovradge.be\/?page_id=65#breadcrumb"},"inLanguage":"en-US","potentialAction":[{"@type":"ReadAction","target":["https:\/\/alovradge.be\/?page_id=65"]}]},{"@type":"ImageObject","inLanguage":"en-US","@id":"https:\/\/alovradge.be\/?page_id=65#primaryimage","url":"https:\/\/alovradge.cwb.ovh\/wp-content\/uploads\/2023\/03\/Capture-decran-2021-08-26-084151-e1678981923483-1024x478.png","contentUrl":"https:\/\/alovradge.cwb.ovh\/wp-content\/uploads\/2023\/03\/Capture-decran-2021-08-26-084151-e1678981923483-1024x478.png"},{"@type":"BreadcrumbList","@id":"https:\/\/alovradge.be\/?page_id=65#breadcrumb","itemListElement":[{"@type":"ListItem","position":1,"name":"Home","item":"https:\/\/alovradge.be\/"},{"@type":"ListItem","position":2,"name":"SERVICES","item":"https:\/\/alovradge.be\/?page_id=22"},{"@type":"ListItem","position":3,"name":"Services &#8211; Employ\u00e9(e) administratif et d&#8217;accueil"}]},{"@type":"WebSite","@id":"https:\/\/alovradge.be\/#website","url":"https:\/\/alovradge.be\/","name":"Alovradge","description":"","potentialAction":[{"@type":"SearchAction","target":{"@type":"EntryPoint","urlTemplate":"https:\/\/alovradge.be\/?s={search_term_string}"},"query-input":{"@type":"PropertyValueSpecification","valueRequired":true,"valueName":"search_term_string"}}],"inLanguage":"en-US"}]}},"_links":{"self":[{"href":"https:\/\/alovradge.be\/index.php?rest_route=\/wp\/v2\/pages\/65","targetHints":{"allow":["GET"]}}],"collection":[{"href":"https:\/\/alovradge.be\/index.php?rest_route=\/wp\/v2\/pages"}],"about":[{"href":"https:\/\/alovradge.be\/index.php?rest_route=\/wp\/v2\/types\/page"}],"author":[{"embeddable":true,"href":"https:\/\/alovradge.be\/index.php?rest_route=\/wp\/v2\/users\/1"}],"replies":[{"embeddable":true,"href":"https:\/\/alovradge.be\/index.php?rest_route=%2Fwp%2Fv2%2Fcomments&post=65"}],"version-history":[{"count":5,"href":"https:\/\/alovradge.be\/index.php?rest_route=\/wp\/v2\/pages\/65\/revisions"}],"predecessor-version":[{"id":384,"href":"https:\/\/alovradge.be\/index.php?rest_route=\/wp\/v2\/pages\/65\/revisions\/384"}],"up":[{"embeddable":true,"href":"https:\/\/alovradge.be\/index.php?rest_route=\/wp\/v2\/pages\/22"}],"wp:attachment":[{"href":"https:\/\/alovradge.be\/index.php?rest_route=%2Fwp%2Fv2%2Fmedia&parent=65"}],"curies":[{"name":"wp","href":"https:\/\/api.w.org\/{rel}","templated":true}]}}