{"id":22,"date":"2023-02-08T14:00:45","date_gmt":"2023-02-08T14:00:45","guid":{"rendered":"https:\/\/alovradge.cwb.ovh\/?page_id=22"},"modified":"2026-02-12T13:02:36","modified_gmt":"2026-02-12T13:02:36","slug":"services","status":"publish","type":"page","link":"https:\/\/alovradge.be\/?page_id=22","title":{"rendered":"SERVICES"},"content":{"rendered":"\n<section class=\"wp-block-starter-shop-front-hero background-cover bg-dark pb-5 position-relative pt-5 text-white modif\" style=\"background-image:url('https:\/\/images.unsplash.com\/photo-1547389432-95b8f3c47f3c?crop=entropy&amp;cs=tinysrgb&amp;fit=max&amp;fm=jpg&amp;ixid=MnwyMDkyMnwwfDF8c2VhcmNofDl8fGdhcmRlbnxlbnwwfHx8fDE2NzU2ODUxMDI&amp;ixlib=rb-4.0.3&amp;q=80&amp;w=1080')\"><div class=\"container pb-2 pt-2\"><h1 class=\"display-3 fw-bold mb-3 text-center text-uppercase text-white\">Services d&#8217;am\u00e9nagement ext\u00e9rieurs, horticulture \u00e0 Ciney, Dinant, Yvoir, Hamois et Havelange<\/h1><\/div><\/section>\n\n\n\n<section class=\"wp-block-starter-shop-shop-banner-explain mb-0  text-center\"><div class=\"container\"><div class=\"justify-content-center row\"><\/div><section class=\"bg-white pt-5 text-center\"><div class=\"container\"><div class=\"mb-4 text-center\"><h2 id=\"scrollspyHeading3\" class=\"fs-2 fw-bold text-start text-success\">Service Client\u00e8le<\/h2><p class=\"text-start text-success\">L\u2019ASBL A L\u2019Ovradge propose les services suivants \u00e0 Ciney, Dinant, Yvoir, Hamois, Havelange et les environs.<\/p><\/div><\/div><\/section><\/div><\/section>\n\n\n\n<div class=\"container\"><h2 class=\"wp-block-heading\">Am\u00e9nagements ext\u00e9rieurs<\/h2>\n\n\n\n<p>Entretenez et am\u00e9nagez votre <strong>jardin<\/strong> ou tout autre <strong>espace ext\u00e9rieur<\/strong> selon vos envies gr\u00e2ce \u00e0 nos services&nbsp;! Notre ASBL est en mesure de r\u00e9aliser un grand nombre d\u2019<strong>am\u00e9nagements ext\u00e9rieurs <\/strong>et r\u00e9pond \u00e9galement \u00e0 vos demandes en <strong>horticulture<\/strong>, pour tondre le gazon ou entretenir vos haies par exemple.<\/p>\n\n\n\n<ul class=\"wp-block-list\">\n<li><strong>Cr\u00e9ation de terrasses<\/strong> en pav\u00e9s autobloquants, dalles en b\u00e9ton \/ c\u00e9ramique ou bois.<\/li>\n\n\n\n<li><strong>Installation d\u2019un carport<\/strong>.<\/li>\n\n\n\n<li><strong>Montage chalets et abris de jardin<\/strong>.<\/li>\n\n\n\n<li><strong>R\u00e9alisation d\u2019un plan d\u2019eau<\/strong>.<\/li>\n\n\n\n<li><strong>Placement de bordures<\/strong>.<\/li>\n\n\n\n<li><strong>Cr\u00e9ation d\u2019un escalier ext\u00e9rieur<\/strong>.<\/li>\n\n\n\n<li><strong>Plantations<\/strong>.<\/li>\n\n\n\n<li><strong>Tontes de pelouses<\/strong>.<\/li>\n\n\n\n<li><strong>\u00c9lagages<\/strong>, <strong>taille de haies <\/strong>et d\u2019<strong>arbustes divers<\/strong><\/li>\n\n\n\n<li>Etc.<\/li>\n<\/ul>\n\n\n\n<h2 class=\"wp-block-heading\">Aide-m\u00e9nager(\u00e8re)<\/h2>\n\n\n\n<p>Vous avez besoin d\u2019un(e) <strong>aide-m\u00e9nager(\u00e8re)<\/strong> pour faciliter votre quotidien&nbsp;? Notre ASBL met en place une s\u00e9rie de services divers dans le domaine de l\u2019aide \u00e0 la personne.<\/p>\n\n\n\n<ul class=\"wp-block-list\">\n<li>Repas pour les personnes \u00e2g\u00e9es (le jeudi) sur place ou \u00e0 emporter au Clos de l\u2019Ermitage 1 \u00e0 Ciney<\/li>\n\n\n\n<li>Nettoyage de maison\u00a0: notre formatrice et son \u00e9quipe se d\u00e9place pour entretenir votre habitation<\/li>\n\n\n\n<li>Service buanderie-repassage\u00a0: venez d\u00e9poser votre manne dans notre atelier Avenue de Namur, 12 \u00e0 Ciney<\/li>\n\n\n\n<li>Magasin de seconde main.<\/li>\n\n\n\n<li>Travaux de couture tels que raccourcir un v\u00eatement, effectuer une r\u00e9paration, remplacer une tirette ou encore customiser un v\u00eatement<\/li>\n<\/ul>\n\n\n\n<h2 class=\"wp-block-heading\">Employ\u00e9(e) administratif(ve) et d\u2019accueil<\/h2>\n\n\n\n<p>Nous pouvons par exemple vous apporter notre aide pour la r\u00e9alisation d\u2019un folder, d\u2019une affiche, d\u2019un r\u00e9pertoire, de cartes diverses (anniversaire, v\u0153ux, f\u00e9licitations, cartes personnelles, etc.) mais notre \u00e9quipe peut \u00e9galement effectuer des travaux de classement, archivage ou encodage divers pour votre entreprise.<br><br><em>Particularit\u00e9 : ces services sont fournis sous la responsabilit\u00e9 d\u2019un(e) responsable d\u2019\u00e9quipe qui est en fait le formateur ou la formatrice. Les stagiaires apprennent leur m\u00e9tier en situation r\u00e9elle de production.<\/em><\/p><\/div>\n\n\n\n<section class=\"wp-block-starter-shop-front-small-banners-trynews pt-3\"><div class=\"container\"><div class=\"justify-content-center row\">\n<div class=\"wp-block-starter-shop-front-small-banner-trynews col-md col-sm-6 py-3\"><div class=\"position-relative text-center text-dark\"><div class=\"card\"><p class=\"fs-4 fw-bold pt-4 text-center text-secondary\">Am\u00e9nagements ext\u00e9rieurs<br>et horticulture<\/p><a href=\"#\"><img decoding=\"async\" src=\"https:\/\/alovradge.be\/wp-content\/uploads\/2023\/02\/Capture-decran-du-2023-02-15-14-07-03.png\" class=\"img-fluid w-100\" alt=\"Product image\"\/><\/a><div class=\"card-body\"><p class=\"mb-0\">Service que nous proposons<\/p><p class=\"mb-0 text-white\">&#8212;<\/p><a href=\"https:\/\/alovradge.be\/?page_id=64\" class=\"btn btn-primary mb-2 mt-2 pb-2 pe-4 ps-4 pt-2 text-white\">D\u00e9tails du Service<\/a><h2 class=\"h5 mb-3\"><\/h2><h2 class=\"h5 mb-3\"><\/h2><p class=\"mb-0 text-white\">&#8212;<\/p><\/div><\/div><\/div><\/div>\n<div class=\"wp-block-starter-shop-front-small-banner-trynews col-md col-sm-6 py-3\"><div class=\"position-relative text-center text-dark\"><div class=\"card\"><p class=\"fs-4 fw-bold pt-4 text-center text-secondary\">Employ\u00e9(e) administratif<br>et d\u2019accueil<\/p><a href=\"#\"><img decoding=\"async\" src=\"https:\/\/alovradge.be\/wp-content\/uploads\/2023\/02\/Capture-decran-du-2023-02-09-09-31-51.png\" class=\"img-fluid w-100\" alt=\"Product image\"\/><\/a><div class=\"card-body\"><p class=\"mb-0\">Service que nous proposons<\/p><p class=\"mb-0 text-white\">&#8212;<\/p><a href=\"https:\/\/alovradge.be\/?page_id=65\" class=\"btn btn-primary mb-2 mt-2 pb-2 pe-4 ps-4 pt-2 text-white\">D\u00e9tails du Service<\/a><h2 class=\"h5 mb-3\"><\/h2><h2 class=\"h5 mb-3\"><\/h2><p class=\"mb-0 text-white\">&#8212;<\/p><\/div><\/div><\/div><\/div>\n<div class=\"wp-block-starter-shop-front-small-banner-trynews col-md col-sm-6 py-3\"><div class=\"position-relative text-center text-dark\"><div class=\"card\"><p class=\"fs-4 fw-bold pt-4 text-center text-secondary\">Aides<br>m\u00e9nag\u00e8res<\/p><a href=\"#\"><img decoding=\"async\" src=\"https:\/\/alovradge.be\/wp-content\/uploads\/2025\/04\/man-servant-doing-chores-around-house.jpg\" class=\"img-fluid w-100\" alt=\"Product image\"\/><\/a><div class=\"card-body\"><p class=\"mb-0\">Service que nous proposons<\/p><p class=\"mb-0 text-white\">&#8212;<\/p><a href=\"https:\/\/alovradge.be\/?page_id=66\" class=\"btn btn-primary mb-2 mt-2 pb-2 pe-4 ps-4 pt-2 text-white\">D\u00e9tails du Service<\/a><h2 class=\"h5 mb-3\"><\/h2><h2 class=\"h5 mb-3\"><\/h2><p class=\"mb-0 text-white\">&#8212;<\/p><\/div><\/div><\/div><\/div>\n<\/div><\/div><\/section>\n\n\n\n<section class=\"wp-block-starter-shop-shop-interesse-devis1 pt-3\"><div class=\"container\"><div class=\"justify-content-center row\"><div class=\"container pb-4 pt-4\"><div class=\"ms-auto me-auto px-0\"><div class=\"align-items-center justify-content-center row\"><div><div class=\"bg-light border card rounded text-secondary\"><h3 class=\"bg-success fw-normal h4 mb-0 pb-3 pe-2 ps-2 pt-3 rounded-1 text-center text-primary text-uppercase\">Interess\u00e9?<\/h3><div class=\"pb-5 pe-3 ps-3 pt-4 text-center\"><ul class=\"list-unstyled mb-4\"><li class=\"fw-bold pb-2 pt-2\">Contactez-nous<\/li><li class=\"pb-2 pt-2\"><p>Pour une demande de devis ou obtenir une info, peu importe pour quelle fili\u00e8re, il convient d\u2019envoyer un mail sur <a href=\"mailto:info@alovradge.be\">info@alovradge.be<\/a> ou de t\u00e9l\u00e9phoner au 0487\/44.26.72 (Direction : Isabelle Dewez et Florence Dambly lorsqu\u2019elle est indisponible)<\/p><\/li><\/ul><a href=\"mailto:info@alovradge.be\" class=\"bg-primary border btn btn-primary d-block fw-bold fw-light pb-2 pe-4 ps-4 pt-2 text-center text-white\">Contact<\/a><\/div><\/div><\/div><\/div><\/div><\/div><\/div><\/div><\/section>\n\n\n\n<section class=\"wp-block-starter-shop-article-suivant\"><div class=\"container\"><div class=\"justify-content-center row\"><div class=\"container pb-2 pt-2\"><div class=\"col-xl-11 ms-auto me-auto px-0\"><div class=\"align-items-center justify-content-center row\"><div class=\"pb-3 pt-3 text-center\"><a href=\"https:\/\/alovradge.be\/\" class=\"bg-secondary border btn btn-dark fw-bold m-3 pb-2 pe-5 ps-5 pt-2\">Retour \u00e0 l&#8217;Accueil<\/a><\/div><\/div><\/div><\/div><\/div><\/div><\/section>\n","protected":false},"excerpt":{"rendered":"<p>Service Client\u00e8le L\u2019ASBL A L\u2019Ovradge propose les services suivants \u00e0 Ciney, Dinant, Yvoir, Hamois, Havelange et les environs. Am\u00e9nagements ext\u00e9rieurs Entretenez et am\u00e9nagez votre jardin ou tout autre espace ext\u00e9rieur selon vos envies gr\u00e2ce \u00e0 nos services&nbsp;! Notre ASBL est en mesure de r\u00e9aliser un grand nombre d\u2019am\u00e9nagements ext\u00e9rieurs et r\u00e9pond \u00e9galement \u00e0 vos demandes [&hellip;]<\/p>\n","protected":false},"author":1,"featured_media":0,"parent":0,"menu_order":0,"comment_status":"closed","ping_status":"closed","template":"single_column.php","meta":{"footnotes":""},"class_list":["post-22","page","type-page","status-publish","hentry"],"yoast_head":"<!-- This site is optimized with the Yoast SEO plugin v25.4 - https:\/\/yoast.com\/wordpress\/plugins\/seo\/ -->\n<title>Services am\u00e9nagements exterieurs &amp; horticulture | Ciney | Dinant<\/title>\n<meta name=\"description\" content=\"D\u00e9couvrez nos services d&#039;am\u00e9nagement ext\u00e9rieurs et horticulture : terrasses, plantations, \u00e9lagage, tonte. A l&#039;Ovradge intervient \u00e0 Ciney, Dinant, Yvoir, Hamois et Havelange. Devis gratuit\" \/>\n<meta name=\"robots\" content=\"index, follow, max-snippet:-1, max-image-preview:large, max-video-preview:-1\" \/>\n<link rel=\"canonical\" href=\"https:\/\/alovradge.be\/?page_id=22\" \/>\n<meta property=\"og:locale\" content=\"en_US\" \/>\n<meta property=\"og:type\" content=\"article\" \/>\n<meta property=\"og:title\" content=\"Services am\u00e9nagements exterieurs &amp; horticulture | Ciney | Dinant\" \/>\n<meta property=\"og:description\" content=\"D\u00e9couvrez nos services d&#039;am\u00e9nagement ext\u00e9rieurs et horticulture : terrasses, plantations, \u00e9lagage, tonte. A l&#039;Ovradge intervient \u00e0 Ciney, Dinant, Yvoir, Hamois et Havelange. Devis gratuit\" \/>\n<meta property=\"og:url\" content=\"https:\/\/alovradge.be\/?page_id=22\" \/>\n<meta property=\"og:site_name\" content=\"Alovradge\" \/>\n<meta property=\"article:modified_time\" content=\"2026-02-12T13:02:36+00:00\" \/>\n<meta property=\"og:image\" content=\"https:\/\/alovradge.be\/wp-content\/uploads\/2023\/02\/Capture-decran-du-2023-02-15-14-07-03.png\" \/>\n<meta name=\"twitter:card\" content=\"summary_large_image\" \/>\n<meta name=\"twitter:label1\" content=\"Est. reading time\" \/>\n\t<meta name=\"twitter:data1\" content=\"3 minutes\" \/>\n<script type=\"application\/ld+json\" class=\"yoast-schema-graph\">{\"@context\":\"https:\/\/schema.org\",\"@graph\":[{\"@type\":\"WebPage\",\"@id\":\"https:\/\/alovradge.be\/?page_id=22\",\"url\":\"https:\/\/alovradge.be\/?page_id=22\",\"name\":\"Services am\u00e9nagements exterieurs & horticulture | Ciney | Dinant\",\"isPartOf\":{\"@id\":\"https:\/\/alovradge.be\/#website\"},\"primaryImageOfPage\":{\"@id\":\"https:\/\/alovradge.be\/?page_id=22#primaryimage\"},\"image\":{\"@id\":\"https:\/\/alovradge.be\/?page_id=22#primaryimage\"},\"thumbnailUrl\":\"https:\/\/alovradge.be\/wp-content\/uploads\/2023\/02\/Capture-decran-du-2023-02-15-14-07-03.png\",\"datePublished\":\"2023-02-08T14:00:45+00:00\",\"dateModified\":\"2026-02-12T13:02:36+00:00\",\"description\":\"D\u00e9couvrez nos services d'am\u00e9nagement ext\u00e9rieurs et horticulture : terrasses, plantations, \u00e9lagage, tonte. A l'Ovradge intervient \u00e0 Ciney, Dinant, Yvoir, Hamois et Havelange. Devis gratuit\",\"breadcrumb\":{\"@id\":\"https:\/\/alovradge.be\/?page_id=22#breadcrumb\"},\"inLanguage\":\"en-US\",\"potentialAction\":[{\"@type\":\"ReadAction\",\"target\":[\"https:\/\/alovradge.be\/?page_id=22\"]}]},{\"@type\":\"ImageObject\",\"inLanguage\":\"en-US\",\"@id\":\"https:\/\/alovradge.be\/?page_id=22#primaryimage\",\"url\":\"https:\/\/alovradge.be\/wp-content\/uploads\/2023\/02\/Capture-decran-du-2023-02-15-14-07-03.png\",\"contentUrl\":\"https:\/\/alovradge.be\/wp-content\/uploads\/2023\/02\/Capture-decran-du-2023-02-15-14-07-03.png\",\"width\":862,\"height\":356},{\"@type\":\"BreadcrumbList\",\"@id\":\"https:\/\/alovradge.be\/?page_id=22#breadcrumb\",\"itemListElement\":[{\"@type\":\"ListItem\",\"position\":1,\"name\":\"Home\",\"item\":\"https:\/\/alovradge.be\/\"},{\"@type\":\"ListItem\",\"position\":2,\"name\":\"SERVICES\"}]},{\"@type\":\"WebSite\",\"@id\":\"https:\/\/alovradge.be\/#website\",\"url\":\"https:\/\/alovradge.be\/\",\"name\":\"Alovradge\",\"description\":\"\",\"potentialAction\":[{\"@type\":\"SearchAction\",\"target\":{\"@type\":\"EntryPoint\",\"urlTemplate\":\"https:\/\/alovradge.be\/?s={search_term_string}\"},\"query-input\":{\"@type\":\"PropertyValueSpecification\",\"valueRequired\":true,\"valueName\":\"search_term_string\"}}],\"inLanguage\":\"en-US\"}]}<\/script>\n<!-- \/ Yoast SEO plugin. -->","yoast_head_json":{"title":"Services am\u00e9nagements exterieurs & horticulture | Ciney | Dinant","description":"D\u00e9couvrez nos services d'am\u00e9nagement ext\u00e9rieurs et horticulture : terrasses, plantations, \u00e9lagage, tonte. A l'Ovradge intervient \u00e0 Ciney, Dinant, Yvoir, Hamois et Havelange. Devis gratuit","robots":{"index":"index","follow":"follow","max-snippet":"max-snippet:-1","max-image-preview":"max-image-preview:large","max-video-preview":"max-video-preview:-1"},"canonical":"https:\/\/alovradge.be\/?page_id=22","og_locale":"en_US","og_type":"article","og_title":"Services am\u00e9nagements exterieurs & horticulture | Ciney | Dinant","og_description":"D\u00e9couvrez nos services d'am\u00e9nagement ext\u00e9rieurs et horticulture : terrasses, plantations, \u00e9lagage, tonte. A l'Ovradge intervient \u00e0 Ciney, Dinant, Yvoir, Hamois et Havelange. Devis gratuit","og_url":"https:\/\/alovradge.be\/?page_id=22","og_site_name":"Alovradge","article_modified_time":"2026-02-12T13:02:36+00:00","og_image":[{"url":"https:\/\/alovradge.be\/wp-content\/uploads\/2023\/02\/Capture-decran-du-2023-02-15-14-07-03.png","type":"","width":"","height":""}],"twitter_card":"summary_large_image","twitter_misc":{"Est. reading time":"3 minutes"},"schema":{"@context":"https:\/\/schema.org","@graph":[{"@type":"WebPage","@id":"https:\/\/alovradge.be\/?page_id=22","url":"https:\/\/alovradge.be\/?page_id=22","name":"Services am\u00e9nagements exterieurs & horticulture | Ciney | Dinant","isPartOf":{"@id":"https:\/\/alovradge.be\/#website"},"primaryImageOfPage":{"@id":"https:\/\/alovradge.be\/?page_id=22#primaryimage"},"image":{"@id":"https:\/\/alovradge.be\/?page_id=22#primaryimage"},"thumbnailUrl":"https:\/\/alovradge.be\/wp-content\/uploads\/2023\/02\/Capture-decran-du-2023-02-15-14-07-03.png","datePublished":"2023-02-08T14:00:45+00:00","dateModified":"2026-02-12T13:02:36+00:00","description":"D\u00e9couvrez nos services d'am\u00e9nagement ext\u00e9rieurs et horticulture : terrasses, plantations, \u00e9lagage, tonte. A l'Ovradge intervient \u00e0 Ciney, Dinant, Yvoir, Hamois et Havelange. Devis gratuit","breadcrumb":{"@id":"https:\/\/alovradge.be\/?page_id=22#breadcrumb"},"inLanguage":"en-US","potentialAction":[{"@type":"ReadAction","target":["https:\/\/alovradge.be\/?page_id=22"]}]},{"@type":"ImageObject","inLanguage":"en-US","@id":"https:\/\/alovradge.be\/?page_id=22#primaryimage","url":"https:\/\/alovradge.be\/wp-content\/uploads\/2023\/02\/Capture-decran-du-2023-02-15-14-07-03.png","contentUrl":"https:\/\/alovradge.be\/wp-content\/uploads\/2023\/02\/Capture-decran-du-2023-02-15-14-07-03.png","width":862,"height":356},{"@type":"BreadcrumbList","@id":"https:\/\/alovradge.be\/?page_id=22#breadcrumb","itemListElement":[{"@type":"ListItem","position":1,"name":"Home","item":"https:\/\/alovradge.be\/"},{"@type":"ListItem","position":2,"name":"SERVICES"}]},{"@type":"WebSite","@id":"https:\/\/alovradge.be\/#website","url":"https:\/\/alovradge.be\/","name":"Alovradge","description":"","potentialAction":[{"@type":"SearchAction","target":{"@type":"EntryPoint","urlTemplate":"https:\/\/alovradge.be\/?s={search_term_string}"},"query-input":{"@type":"PropertyValueSpecification","valueRequired":true,"valueName":"search_term_string"}}],"inLanguage":"en-US"}]}},"_links":{"self":[{"href":"https:\/\/alovradge.be\/index.php?rest_route=\/wp\/v2\/pages\/22","targetHints":{"allow":["GET"]}}],"collection":[{"href":"https:\/\/alovradge.be\/index.php?rest_route=\/wp\/v2\/pages"}],"about":[{"href":"https:\/\/alovradge.be\/index.php?rest_route=\/wp\/v2\/types\/page"}],"author":[{"embeddable":true,"href":"https:\/\/alovradge.be\/index.php?rest_route=\/wp\/v2\/users\/1"}],"replies":[{"embeddable":true,"href":"https:\/\/alovradge.be\/index.php?rest_route=%2Fwp%2Fv2%2Fcomments&post=22"}],"version-history":[{"count":4,"href":"https:\/\/alovradge.be\/index.php?rest_route=\/wp\/v2\/pages\/22\/revisions"}],"predecessor-version":[{"id":479,"href":"https:\/\/alovradge.be\/index.php?rest_route=\/wp\/v2\/pages\/22\/revisions\/479"}],"wp:attachment":[{"href":"https:\/\/alovradge.be\/index.php?rest_route=%2Fwp%2Fv2%2Fmedia&parent=22"}],"curies":[{"name":"wp","href":"https:\/\/api.w.org\/{rel}","templated":true}]}}