{"id":14,"date":"2023-02-08T13:50:34","date_gmt":"2023-02-08T13:50:34","guid":{"rendered":"https:\/\/alovradge.cwb.ovh\/?page_id=14"},"modified":"2025-08-28T13:37:29","modified_gmt":"2025-08-28T13:37:29","slug":"index","status":"publish","type":"page","link":"https:\/\/alovradge.be\/","title":{"rendered":"Index"},"content":{"rendered":"\n<section class=\"wp-block-starter-shop-front-hero background-cover bg-dark pb-5 position-relative pt-5 text-white modif\" style=\"background-image:url('https:\/\/images.unsplash.com\/photo-1547389432-95b8f3c47f3c?crop=entropy&amp;cs=tinysrgb&amp;fit=max&amp;fm=jpg&amp;ixid=MnwyMDkyMnwwfDF8c2VhcmNofDl8fGdhcmRlbnxlbnwwfHx8fDE2NzU2ODUxMDI&amp;ixlib=rb-4.0.3&amp;q=80&amp;w=1080')\"><div class=\"container pb-2 pt-2\"><h1 class=\"display-3 fw-bold mb-3 text-center text-uppercase text-white\">A l&apos;ovradge : Services, formations en am\u00e9nagements ext\u00e9rieurs, horticulture \u00e0 Ciney pr\u00e8s de DInant et Hamois<\/h1><\/div><\/section>\n\n\n\n<section class=\"wp-block-starter-shop-shop-banner-explain mb-0  text-center\"><div class=\"container\"><div class=\"justify-content-center row\"><\/div><section class=\"bg-white pb-5 pt-5 text-center\"><div class=\"container\"><div class=\"mb-4 text-center\"><h2 id=\"scrollspyHeading3\" class=\"fs-2 fw-bold text-start text-success\">A L&#8217;OVRADGE (Entreprise de formation par le travail)<\/h2><p class=\"text-start text-success\"><br>Entreprise de formation par le travail agr\u00e9\u00e9e par la R\u00e9gion Wallonne et li\u00e9e au service de r\u00e9insertion socio-professionnelle du CPAS de Ciney, l\u2019ASBL A l\u2019Ovradge organise trois types de formations et services:<\/p><\/div><\/div><\/section><\/div><\/section>\n\n\n\n<section class=\"wp-block-starter-shop-front-small-banners-trynews pt-3\"><div class=\"container\"><div class=\"justify-content-center row\">\n<div class=\"wp-block-starter-shop-front-small-banner-trynews col-md col-sm-6 py-3\"><div class=\"position-relative text-center text-dark\"><div class=\"card\"><p class=\"fs-4 fw-bold pt-4 text-center text-secondary\">Offres de Formations<\/p><a href=\"#\"><img decoding=\"async\" src=\"https:\/\/alovradge.be\/wp-content\/themes\/alovradgetheme\/clients-forma.png\" class=\"img-fluid w-100\" alt=\"Product image\"\/><\/a><div class=\"card-body\"><p class=\"mb-0\">Voici les Formations que nous proposons<\/p><p class=\"mb-0 text-white\">&#8212;<\/p><a href=\"https:\/\/alovradge.be\/?page_id=56\" class=\"btn btn-primary mb-2 mt-2 pb-2 pe-4 ps-4 pt-2 text-white\">Am\u00e9nagements ext\u00e9rieurs et horticulture<\/a><h2 class=\"h5 mb-3\"><\/h2><a href=\"https:\/\/alovradge.be\/?page_id=58\" class=\"btn btn-primary mb-2 mt-2 pb-2 pe-4 ps-4 pt-2 text-white\">Employ\u00e9(e) administratif et d&apos;accueil<\/a><h2 class=\"h5 mb-3\"><\/h2><a href=\"https:\/\/alovradge.be\/?page_id=60\" class=\"btn btn-primary mb-2 mt-2 pb-2 pe-4 ps-4 pt-2 text-white\">Aides m\u00e9nag\u00e8res<\/a><p class=\"mb-0 text-white\">&#8212;<\/p><\/div><\/div><\/div><\/div>\n\n\n\n<div class=\"wp-block-starter-shop-front-small-banner-trynews col-md col-sm-6 py-3\"><div class=\"position-relative text-center text-dark\"><div class=\"card\"><p class=\"fs-4 fw-bold pt-4 text-center text-secondary\"><strong>Service Client\u00e8le<\/strong><\/p><a href=\"#\"><img decoding=\"async\" src=\"https:\/\/alovradge.be\/wp-content\/themes\/alovradgetheme\/clients-forma.png\" class=\"img-fluid w-100\" alt=\"Product image\"\/><\/a><div class=\"card-body\"><p class=\"mb-0\">Voici les Services que nous proposons<\/p><p class=\"mb-0 text-white\">&#8212;<\/p><a href=\"https:\/\/alovradge.be\/?page_id=64\" class=\"btn btn-primary mb-2 mt-2 pb-2 pe-4 ps-4 pt-2 text-white\">Am\u00e9nagements ext\u00e9rieurs et horticulture<\/a><h2 class=\"h5 mb-3\"><\/h2><a href=\"https:\/\/alovradge.be\/?page_id=65\" class=\"btn btn-primary mb-2 mt-2 pb-2 pe-4 ps-4 pt-2 text-white\">Employ\u00e9(e) administratif et d&apos;accueil<\/a><h2 class=\"h5 mb-3\"><\/h2><a href=\"https:\/\/alovradge.be\/?page_id=66\" class=\"btn btn-primary mb-2 mt-2 pb-2 pe-4 ps-4 pt-2 text-white\">Aides m\u00e9nag\u00e8res<\/a><p class=\"mb-0 text-white\">&#8212;<\/p><\/div><\/div><\/div><\/div>\n<\/div><\/div><\/section>\n\n\n\n<section class=\"wp-block-starter-shop-shop-banner-explain mb-0  text-center\"><div class=\"container\"><div class=\"justify-content-center row\"><\/div><section class=\"bg-white pb-5 pt-5 text-center\"><div class=\"container\"><div class=\"mb-4 text-center\"><h2 id=\"scrollspyHeading3\" class=\"fs-2 fw-bold text-start text-success\">A la une<\/h2><p class=\"text-start text-success\"><br>Quelques Infos &amp; Actualit\u00e9s qui pourraient vous int\u00e9resser.<\/p><\/div><\/div><\/section><\/div><\/section>\n\n\n\n<section class=\"wp-block-starter-shop-front-small-banners-trynews pt-3\"><div class=\"container\"><div class=\"justify-content-center row\">\n<div class=\"wp-block-starter-shop-front-small-banner-trynews col-md col-sm-6 py-3\"><div class=\"position-relative text-center text-dark\"><div class=\"card\"><p class=\"fs-4 fw-bold pt-4 text-center text-secondary\">Atelier<br>Couture<\/p><a href=\"#\"><img decoding=\"async\" src=\"https:\/\/alovradge.be\/wp-content\/uploads\/2023\/02\/Capture-decran-du-2023-02-14-16-23-08.png\" class=\"img-fluid w-100\" alt=\"Product image\"\/><\/a><div class=\"card-body\"><p class=\"mb-0\">Notre Atelier<br>Couture<\/p><p class=\"mb-0 text-white\">&#8212;<\/p><a href=\"https:\/\/alovradge.be\/?page_id=238\" class=\"btn btn-primary mb-2 mt-2 pb-2 pe-4 ps-4 pt-2 text-white\">Lire Plus<\/a><h2 class=\"h5 mb-3\"><\/h2><h2 class=\"h5 mb-3\"><\/h2><p class=\"mb-0 text-white\">&#8212;<\/p><\/div><\/div><\/div><\/div>\n<div class=\"wp-block-starter-shop-front-small-banner-trynews col-md col-sm-6 py-3\"><div class=\"position-relative text-center text-dark\"><div class=\"card\"><p class=\"fs-4 fw-bold pt-4 text-center text-secondary\">La Formation<br>Sociale G\u00e9n\u00e9rale<\/p><a href=\"#\"><img decoding=\"async\" src=\"https:\/\/alovradge.be\/wp-content\/uploads\/2023\/02\/Capture-decran-du-2023-02-09-09-31-33.png\" class=\"img-fluid w-100\" alt=\"Product image\"\/><\/a><div class=\"card-body\"><p class=\"mb-0\">L\u2019acquisition de<br>comp\u00e9tences transversales<\/p><p class=\"mb-0 text-white\">&#8212;<\/p><a href=\"https:\/\/alovradge.be\/?page_id=310\" class=\"btn btn-primary mb-2 mt-2 pb-2 pe-4 ps-4 pt-2 text-white\">Lire Plus<\/a><h2 class=\"h5 mb-3\"><\/h2><h2 class=\"h5 mb-3\"><\/h2><p class=\"mb-0 text-white\">&#8212;<\/p><\/div><\/div><\/div><\/div>\n<\/div><\/div><\/section>\n\n\n\n<section class=\"wp-block-starter-shop-article-suivant\"><div class=\"container\"><div class=\"justify-content-center row\"><div class=\"container pb-2 pt-2\"><div class=\"col-xl-11 ms-auto me-auto px-0\"><div class=\"align-items-center justify-content-center row\"><div class=\"pb-3 pt-3 text-center\"><a href=\"https:\/\/alovradge.be\/?page_id=28\" class=\"bg-secondary border btn btn-dark fw-bold m-3 pb-2 pe-5 ps-5 pt-2\">Toutes les Actualit\u00e9s<\/a><\/div><\/div><\/div><\/div><\/div><\/div><\/section>\n","protected":false},"excerpt":{"rendered":"<p>AtelierCouture Notre AtelierCouture &#8212; Lire Plus &#8212; La FormationSociale G\u00e9n\u00e9rale L\u2019acquisition decomp\u00e9tences transversales &#8212; Lire Plus &#8212;<\/p>\n","protected":false},"author":1,"featured_media":0,"parent":0,"menu_order":0,"comment_status":"closed","ping_status":"closed","template":"","meta":{"footnotes":""},"class_list":["post-14","page","type-page","status-publish","hentry"],"yoast_head":"<!-- This site is optimized with the Yoast SEO plugin v25.4 - https:\/\/yoast.com\/wordpress\/plugins\/seo\/ -->\n<title>Am\u00e9nagements exterieurs &amp; horticulture | Ciney | A l&#039;Ovradge<\/title>\n<meta name=\"description\" content=\"A l&#039;Ovradge : formation et services en am\u00e9nagement ext\u00e9rieurs et horticulture \u00e0 Ciney. Entreprise de formation agr\u00e9\u00e9e r\u00e9gion wallonne, active \u00e0 Dinant et Hamois. Formations qualifiantes et prestations professionnelles.\" \/>\n<meta name=\"robots\" content=\"index, follow, max-snippet:-1, max-image-preview:large, max-video-preview:-1\" \/>\n<link rel=\"canonical\" href=\"https:\/\/alovradge.be\/\" \/>\n<meta property=\"og:locale\" content=\"en_US\" \/>\n<meta property=\"og:type\" content=\"article\" \/>\n<meta property=\"og:title\" content=\"Am\u00e9nagements exterieurs &amp; horticulture | Ciney | A l&#039;Ovradge\" \/>\n<meta property=\"og:description\" content=\"A l&#039;Ovradge : formation et services en am\u00e9nagement ext\u00e9rieurs et horticulture \u00e0 Ciney. Entreprise de formation agr\u00e9\u00e9e r\u00e9gion wallonne, active \u00e0 Dinant et Hamois. Formations qualifiantes et prestations professionnelles.\" \/>\n<meta property=\"og:url\" content=\"https:\/\/alovradge.be\/\" \/>\n<meta property=\"og:site_name\" content=\"Alovradge\" \/>\n<meta property=\"article:modified_time\" content=\"2025-08-28T13:37:29+00:00\" \/>\n<meta property=\"og:image\" content=\"https:\/\/alovradge.be\/wp-content\/themes\/alovradgetheme\/clients-forma.png\" \/>\n<meta name=\"twitter:card\" content=\"summary_large_image\" \/>\n<meta name=\"twitter:label1\" content=\"Est. reading time\" \/>\n\t<meta name=\"twitter:data1\" content=\"2 minutes\" \/>\n<script type=\"application\/ld+json\" class=\"yoast-schema-graph\">{\"@context\":\"https:\/\/schema.org\",\"@graph\":[{\"@type\":\"WebPage\",\"@id\":\"https:\/\/alovradge.be\/\",\"url\":\"https:\/\/alovradge.be\/\",\"name\":\"Am\u00e9nagements exterieurs & horticulture | Ciney | A l'Ovradge\",\"isPartOf\":{\"@id\":\"https:\/\/alovradge.be\/#website\"},\"primaryImageOfPage\":{\"@id\":\"https:\/\/alovradge.be\/#primaryimage\"},\"image\":{\"@id\":\"https:\/\/alovradge.be\/#primaryimage\"},\"thumbnailUrl\":\"https:\/\/alovradge.be\/wp-content\/themes\/alovradgetheme\/clients-forma.png\",\"datePublished\":\"2023-02-08T13:50:34+00:00\",\"dateModified\":\"2025-08-28T13:37:29+00:00\",\"description\":\"A l'Ovradge : formation et services en am\u00e9nagement ext\u00e9rieurs et horticulture \u00e0 Ciney. Entreprise de formation agr\u00e9\u00e9e r\u00e9gion wallonne, active \u00e0 Dinant et Hamois. Formations qualifiantes et prestations professionnelles.\",\"breadcrumb\":{\"@id\":\"https:\/\/alovradge.be\/#breadcrumb\"},\"inLanguage\":\"en-US\",\"potentialAction\":[{\"@type\":\"ReadAction\",\"target\":[\"https:\/\/alovradge.be\/\"]}]},{\"@type\":\"ImageObject\",\"inLanguage\":\"en-US\",\"@id\":\"https:\/\/alovradge.be\/#primaryimage\",\"url\":\"https:\/\/alovradge.be\/wp-content\/themes\/alovradgetheme\/clients-forma.png\",\"contentUrl\":\"https:\/\/alovradge.be\/wp-content\/themes\/alovradgetheme\/clients-forma.png\"},{\"@type\":\"BreadcrumbList\",\"@id\":\"https:\/\/alovradge.be\/#breadcrumb\",\"itemListElement\":[{\"@type\":\"ListItem\",\"position\":1,\"name\":\"Home\",\"item\":\"https:\/\/alovradge.be\/\"},{\"@type\":\"ListItem\",\"position\":2,\"name\":\"Index\"}]},{\"@type\":\"WebSite\",\"@id\":\"https:\/\/alovradge.be\/#website\",\"url\":\"https:\/\/alovradge.be\/\",\"name\":\"Alovradge\",\"description\":\"\",\"potentialAction\":[{\"@type\":\"SearchAction\",\"target\":{\"@type\":\"EntryPoint\",\"urlTemplate\":\"https:\/\/alovradge.be\/?s={search_term_string}\"},\"query-input\":{\"@type\":\"PropertyValueSpecification\",\"valueRequired\":true,\"valueName\":\"search_term_string\"}}],\"inLanguage\":\"en-US\"}]}<\/script>\n<!-- \/ Yoast SEO plugin. -->","yoast_head_json":{"title":"Am\u00e9nagements exterieurs & horticulture | Ciney | A l'Ovradge","description":"A l'Ovradge : formation et services en am\u00e9nagement ext\u00e9rieurs et horticulture \u00e0 Ciney. Entreprise de formation agr\u00e9\u00e9e r\u00e9gion wallonne, active \u00e0 Dinant et Hamois. Formations qualifiantes et prestations professionnelles.","robots":{"index":"index","follow":"follow","max-snippet":"max-snippet:-1","max-image-preview":"max-image-preview:large","max-video-preview":"max-video-preview:-1"},"canonical":"https:\/\/alovradge.be\/","og_locale":"en_US","og_type":"article","og_title":"Am\u00e9nagements exterieurs & horticulture | Ciney | A l'Ovradge","og_description":"A l'Ovradge : formation et services en am\u00e9nagement ext\u00e9rieurs et horticulture \u00e0 Ciney. Entreprise de formation agr\u00e9\u00e9e r\u00e9gion wallonne, active \u00e0 Dinant et Hamois. Formations qualifiantes et prestations professionnelles.","og_url":"https:\/\/alovradge.be\/","og_site_name":"Alovradge","article_modified_time":"2025-08-28T13:37:29+00:00","og_image":[{"url":"https:\/\/alovradge.be\/wp-content\/themes\/alovradgetheme\/clients-forma.png","type":"","width":"","height":""}],"twitter_card":"summary_large_image","twitter_misc":{"Est. reading time":"2 minutes"},"schema":{"@context":"https:\/\/schema.org","@graph":[{"@type":"WebPage","@id":"https:\/\/alovradge.be\/","url":"https:\/\/alovradge.be\/","name":"Am\u00e9nagements exterieurs & horticulture | Ciney | A l'Ovradge","isPartOf":{"@id":"https:\/\/alovradge.be\/#website"},"primaryImageOfPage":{"@id":"https:\/\/alovradge.be\/#primaryimage"},"image":{"@id":"https:\/\/alovradge.be\/#primaryimage"},"thumbnailUrl":"https:\/\/alovradge.be\/wp-content\/themes\/alovradgetheme\/clients-forma.png","datePublished":"2023-02-08T13:50:34+00:00","dateModified":"2025-08-28T13:37:29+00:00","description":"A l'Ovradge : formation et services en am\u00e9nagement ext\u00e9rieurs et horticulture \u00e0 Ciney. Entreprise de formation agr\u00e9\u00e9e r\u00e9gion wallonne, active \u00e0 Dinant et Hamois. Formations qualifiantes et prestations professionnelles.","breadcrumb":{"@id":"https:\/\/alovradge.be\/#breadcrumb"},"inLanguage":"en-US","potentialAction":[{"@type":"ReadAction","target":["https:\/\/alovradge.be\/"]}]},{"@type":"ImageObject","inLanguage":"en-US","@id":"https:\/\/alovradge.be\/#primaryimage","url":"https:\/\/alovradge.be\/wp-content\/themes\/alovradgetheme\/clients-forma.png","contentUrl":"https:\/\/alovradge.be\/wp-content\/themes\/alovradgetheme\/clients-forma.png"},{"@type":"BreadcrumbList","@id":"https:\/\/alovradge.be\/#breadcrumb","itemListElement":[{"@type":"ListItem","position":1,"name":"Home","item":"https:\/\/alovradge.be\/"},{"@type":"ListItem","position":2,"name":"Index"}]},{"@type":"WebSite","@id":"https:\/\/alovradge.be\/#website","url":"https:\/\/alovradge.be\/","name":"Alovradge","description":"","potentialAction":[{"@type":"SearchAction","target":{"@type":"EntryPoint","urlTemplate":"https:\/\/alovradge.be\/?s={search_term_string}"},"query-input":{"@type":"PropertyValueSpecification","valueRequired":true,"valueName":"search_term_string"}}],"inLanguage":"en-US"}]}},"_links":{"self":[{"href":"https:\/\/alovradge.be\/index.php?rest_route=\/wp\/v2\/pages\/14","targetHints":{"allow":["GET"]}}],"collection":[{"href":"https:\/\/alovradge.be\/index.php?rest_route=\/wp\/v2\/pages"}],"about":[{"href":"https:\/\/alovradge.be\/index.php?rest_route=\/wp\/v2\/types\/page"}],"author":[{"embeddable":true,"href":"https:\/\/alovradge.be\/index.php?rest_route=\/wp\/v2\/users\/1"}],"replies":[{"embeddable":true,"href":"https:\/\/alovradge.be\/index.php?rest_route=%2Fwp%2Fv2%2Fcomments&post=14"}],"version-history":[{"count":5,"href":"https:\/\/alovradge.be\/index.php?rest_route=\/wp\/v2\/pages\/14\/revisions"}],"predecessor-version":[{"id":457,"href":"https:\/\/alovradge.be\/index.php?rest_route=\/wp\/v2\/pages\/14\/revisions\/457"}],"wp:attachment":[{"href":"https:\/\/alovradge.be\/index.php?rest_route=%2Fwp%2Fv2%2Fmedia&parent=14"}],"curies":[{"name":"wp","href":"https:\/\/api.w.org\/{rel}","templated":true}]}}